{"id":30,"date":"2025-07-14T09:19:47","date_gmt":"2025-07-14T09:19:47","guid":{"rendered":"https:\/\/distopia.fr\/?page_id=30"},"modified":"2025-11-07T16:15:24","modified_gmt":"2025-11-07T16:15:24","slug":"les-livres","status":"publish","type":"page","link":"https:\/\/distopia.fr\/?page_id=30","title":{"rendered":"Les Livres"},"content":{"rendered":"\n<div class=\"wp-block-group alignfull has-accent-2-background-color has-background has-global-padding is-layout-constrained wp-container-core-group-is-layout-669513ed wp-block-group-is-layout-constrained\" style=\"margin-top:0;margin-bottom:0;padding-top:var(--wp--preset--spacing--50);padding-right:var(--wp--preset--spacing--50);padding-bottom:var(--wp--preset--spacing--50);padding-left:var(--wp--preset--spacing--50)\">\n<div class=\"wp-block-columns alignwide is-layout-flex wp-container-core-columns-is-layout-28f84493 wp-block-columns-is-layout-flex\">\n<div class=\"wp-block-column is-layout-flow wp-block-column-is-layout-flow\" style=\"flex-basis:33.33%\">\n<figure class=\"wp-block-image size-full is-resized\"><img loading=\"lazy\" decoding=\"async\" width=\"649\" height=\"979\" src=\"https:\/\/distopia.fr\/wp-content\/uploads\/2025\/07\/livre-distopia.png\" alt=\"\" class=\"wp-image-193\" style=\"width:369px;height:auto\" srcset=\"https:\/\/distopia.fr\/wp-content\/uploads\/2025\/07\/livre-distopia.png 649w, https:\/\/distopia.fr\/wp-content\/uploads\/2025\/07\/livre-distopia-199x300.png 199w\" sizes=\"auto, (max-width: 649px) 100vw, 649px\" \/><\/figure>\n\n\n\n<p class=\"has-contrast-color has-base-2-background-color has-text-color has-background has-link-color has-heading-font-family has-medium-font-size wp-elements-166fe50b0a4a6daf974fc5f0fb8c322f\" style=\"line-height:1.2\"><strong>Distopia, Univers Alternatif<\/strong><br><br><br>Ce Livre nous fait d\u00e9couvrir des univers alternatifs au travers de cinq nouvelles. <br><br>&#8211; Bienvenue \u00e0 Encelade !<br>&#8211; L&rsquo;\u00e9toile de News Cellarius (version courte)<br>&#8211; Le Chant de l&rsquo;Automne<br>&#8211; Dernier Jour<br>&#8211; Projet Pegasus<br><br>Des visions toutes diff\u00e9rentes, mais ayant un d\u00e9nominateur commun. <br><br>La perception n&rsquo;est qu&rsquo;une histoire de point de vue\u2026<br><br>La r\u00e9v\u00e9lation finale nous \u00e9claire sur les univers possibles.<br><\/p>\n\n\n\n<p class=\"has-text-align-center has-base-2-color has-text-color has-background has-link-color has-heading-font-family has-medium-font-size wp-elements-818171ce86650cd7cccbb70951976d7a\" style=\"background-color:#83745f;line-height:1.2\"><strong>Format poche 11&#215;17, <br>240 pages, <br>dos carr\u00e9 coll\u00e9, <br>couverture pellicul\u00e9e brillant<\/strong><br><\/p>\n<\/div>\n\n\n\n<div class=\"wp-block-column is-layout-flow wp-block-column-is-layout-flow\" style=\"flex-basis:33.33%\">\n<figure class=\"wp-block-image size-full is-resized\"><img loading=\"lazy\" decoding=\"async\" width=\"649\" height=\"979\" src=\"https:\/\/distopia.fr\/wp-content\/uploads\/2025\/07\/livre-azur.png\" alt=\"\" class=\"wp-image-194\" style=\"width:369px;height:auto\" srcset=\"https:\/\/distopia.fr\/wp-content\/uploads\/2025\/07\/livre-azur.png 649w, https:\/\/distopia.fr\/wp-content\/uploads\/2025\/07\/livre-azur-199x300.png 199w\" sizes=\"auto, (max-width: 649px) 100vw, 649px\" \/><\/figure>\n\n\n\n<p class=\"has-base-2-background-color has-background has-heading-font-family has-medium-font-size\" style=\"line-height:1.2\"><strong>Les Fils d&rsquo;Azur<\/strong><br><br><br><br><br>Moins de 2% de terre \u00e9mergent des oc\u00e9ans de la plan\u00e8te Azur. <br><br>Dans ce monde o\u00f9 le bleu de l\u2019oc\u00e9an et le bleu du ciel ne font qu\u2019un, le peuple d\u2019Azur vie en harmonie avec la nature. <br><br>L\u2019arriv\u00e9e d\u2019un vaisseau spatial endommag\u00e9 va perturber la vie de Servan et Yuna. <br>Ils vont se rendre compte que l\u2019univers est complexe. <br><br>Ils vont se trouver entrainer dans les m\u00e9andres de la politique galactique sans m\u00eame s\u2019en rendre compte.<br><\/p>\n\n\n\n<p class=\"has-text-align-center has-base-2-color has-text-color has-background has-link-color has-heading-font-family has-medium-font-size wp-elements-818171ce86650cd7cccbb70951976d7a\" style=\"background-color:#83745f;line-height:1.2\"><strong>Format poche 11&#215;17, <br>240 pages, <br>dos carr\u00e9 coll\u00e9, <br>couverture pellicul\u00e9e brillant<\/strong><br><\/p>\n<\/div>\n\n\n\n<div class=\"wp-block-column is-layout-flow wp-block-column-is-layout-flow\" style=\"flex-basis:33.33%\">\n<figure class=\"wp-block-image size-full is-resized\"><img loading=\"lazy\" decoding=\"async\" width=\"649\" height=\"979\" src=\"https:\/\/distopia.fr\/wp-content\/uploads\/2025\/07\/livre-dcellarius.png\" alt=\"\" class=\"wp-image-195\" style=\"width:369px;height:auto\" srcset=\"https:\/\/distopia.fr\/wp-content\/uploads\/2025\/07\/livre-dcellarius.png 649w, https:\/\/distopia.fr\/wp-content\/uploads\/2025\/07\/livre-dcellarius-199x300.png 199w\" sizes=\"auto, (max-width: 649px) 100vw, 649px\" \/><\/figure>\n\n\n\n<p class=\"has-base-2-background-color has-background has-heading-font-family has-medium-font-size\" style=\"margin-right:0;margin-left:0;line-height:1.2\"><strong>L&rsquo;\u00e9toile de New Cellarius<\/strong><br><br>Il y a trois cent ans, la plan\u00e8te Cellarius \u00e0 fait scission avec la Terre pour obtenir son ind\u00e9pendance. <br>Dans l\u2019univers maitris\u00e9 de cette nouvelle plan\u00e8te, la jeunesse trouve son salut dans la d\u00e9pravation. Ils varient leurs plaisirs entre la f\u00eate, l\u2019alcool et les drogues. <br>Une petite bande \u00e0 fait de la visite des caves sa sp\u00e9cialit\u00e9. Ils ratissent tout ce qui peut \u00eatre monnayable, jusqu\u2019au jour o\u00f9 une exp\u00e9dition tourne mal. <br>Des \u00e9v\u00e9nements inattendus vont leur permettre de toucher du doigt le destin funeste qui attend leur plan\u00e8te. <br><br>La corporation qui dirige Cellarius connait cette v\u00e9rit\u00e9 depuis longtemps et tente d\u2019en inverser l\u2019issue\u2026<\/p>\n\n\n\n<p class=\"has-text-align-center has-base-2-color has-text-color has-background has-link-color has-heading-font-family has-medium-font-size wp-elements-818171ce86650cd7cccbb70951976d7a\" style=\"background-color:#83745f;line-height:1.2\"><strong>Format poche 11&#215;17, <br>240 pages, <br>dos carr\u00e9 coll\u00e9, <br>couverture pellicul\u00e9e brillant<\/strong><br><\/p>\n<\/div>\n<\/div>\n<\/div>\n\n\n\n<div class=\"wp-block-group alignfull has-base-2-background-color has-background has-global-padding is-layout-constrained wp-container-core-group-is-layout-218c8f3f wp-block-group-is-layout-constrained\" style=\"margin-top:0;margin-bottom:0;padding-top:var(--wp--preset--spacing--30);padding-right:var(--wp--preset--spacing--60);padding-bottom:var(--wp--preset--spacing--30);padding-left:var(--wp--preset--spacing--60)\">\n<div class=\"wp-block-group alignwide is-layout-flow wp-block-group-is-layout-flow\">\n<p class=\"has-text-align-left has-heading-font-family has-large-font-size\" style=\"font-style:normal;font-weight:400;line-height:1.2\"><em>L&rsquo;auto\u00e9dition permet une libert\u00e9 de cr\u00e9ation totale, mais elle repr\u00e9sente un investissement important en temps, en argent et ne permet pas un acc\u00e8s ais\u00e9 aux diff\u00e9rents r\u00e9seaux de libraires. <\/em><br><em>C&rsquo;est pourquoi mes romans ne sont actuellement disponible \u00e0 la vente qu&rsquo;au travers de ce site. <\/em><br><br><em>Vous pouvez les commander au prix unitaire de 12,50 Euros (Emballage et port compris !)<\/em><br><br><em>Vous qui aimez lire, soyez les partenaires inspir\u00e9s qui soutiendrons mon \u0153uvre ! <\/em><br><em><strong>Contactez moi par mail pour les acqu\u00e9rir !<\/strong><\/em><\/p>\n<\/div>\n\n\n\n<div style=\"height:33px\" aria-hidden=\"true\" class=\"wp-block-spacer\"><\/div>\n\n\n\n<div class=\"wp-block-buttons alignfull is-content-justification-center is-layout-flex wp-container-core-buttons-is-layout-a89b3969 wp-block-buttons-is-layout-flex\">\n<div class=\"wp-block-button has-custom-width wp-block-button__width-50\"><a class=\"wp-block-button__link has-background has-large-font-size has-custom-font-size wp-element-button\" href=\"mailto: contact@distopia.fr\" style=\"border-radius:24px;background:linear-gradient(266deg,#C2A990 0%,#F9F9F9 100%);padding-top:var(--wp--preset--spacing--20);padding-bottom:var(--wp--preset--spacing--20)\"><em>Contact<\/em> !<\/a><\/div>\n<\/div>\n\n\n\n<div style=\"height:38px\" aria-hidden=\"true\" class=\"wp-block-spacer\"><\/div>\n<\/div>\n\n\n\n<div class=\"wp-block-group alignfull has-base-2-color has-contrast-background-color has-text-color has-background has-link-color wp-elements-62541865044b254565207b285242670b has-global-padding is-layout-constrained wp-container-core-group-is-layout-525124d4 wp-block-group-is-layout-constrained\" style=\"margin-top:0;margin-bottom:0;padding-top:var(--wp--preset--spacing--20);padding-right:var(--wp--preset--spacing--50);padding-bottom:var(--wp--preset--spacing--20);padding-left:var(--wp--preset--spacing--50)\">\n<figure class=\"wp-block-image size-full\"><img loading=\"lazy\" decoding=\"async\" width=\"1000\" height=\"707\" src=\"http:\/\/distopia.fr\/wp-content\/uploads\/2025\/07\/Cauchemard-A4.jpg\" alt=\"\" class=\"wp-image-232\" srcset=\"https:\/\/distopia.fr\/wp-content\/uploads\/2025\/07\/Cauchemard-A4.jpg 1000w, https:\/\/distopia.fr\/wp-content\/uploads\/2025\/07\/Cauchemard-A4-300x212.jpg 300w, https:\/\/distopia.fr\/wp-content\/uploads\/2025\/07\/Cauchemard-A4-768x543.jpg 768w\" sizes=\"auto, (max-width: 1000px) 100vw, 1000px\" \/><\/figure>\n<\/div>\n\n\n<nav class=\"is-responsive alignwide wp-block-navigation is-layout-flex wp-block-navigation-is-layout-flex\" aria-label=\"Menu 3\" \n\t\t data-wp-interactive=\"core\/navigation\" data-wp-context='{\"overlayOpenedBy\":{\"click\":false,\"hover\":false,\"focus\":false},\"type\":\"overlay\",\"roleAttribute\":\"\",\"ariaLabel\":\"Menu\"}'><button aria-haspopup=\"dialog\" aria-label=\"Ouvrir le menu\" class=\"wp-block-navigation__responsive-container-open\" \n\t\t\t\tdata-wp-on--click=\"actions.openMenuOnClick\"\n\t\t\t\tdata-wp-on--keydown=\"actions.handleMenuKeydown\"\n\t\t\t><svg width=\"24\" height=\"24\" xmlns=\"http:\/\/www.w3.org\/2000\/svg\" viewBox=\"0 0 24 24\" aria-hidden=\"true\" focusable=\"false\"><path d=\"M4 7.5h16v1.5H4z\"><\/path><path d=\"M4 15h16v1.5H4z\"><\/path><\/svg><\/button>\n\t\t\t\t<div class=\"wp-block-navigation__responsive-container\"  id=\"modal-1\" \n\t\t\t\tdata-wp-class--has-modal-open=\"state.isMenuOpen\"\n\t\t\t\tdata-wp-class--is-menu-open=\"state.isMenuOpen\"\n\t\t\t\tdata-wp-watch=\"callbacks.initMenu\"\n\t\t\t\tdata-wp-on--keydown=\"actions.handleMenuKeydown\"\n\t\t\t\tdata-wp-on--focusout=\"actions.handleMenuFocusout\"\n\t\t\t\ttabindex=\"-1\"\n\t\t\t>\n\t\t\t\t\t<div class=\"wp-block-navigation__responsive-close\" tabindex=\"-1\">\n\t\t\t\t\t\t<div class=\"wp-block-navigation__responsive-dialog\" \n\t\t\t\tdata-wp-bind--aria-modal=\"state.ariaModal\"\n\t\t\t\tdata-wp-bind--aria-label=\"state.ariaLabel\"\n\t\t\t\tdata-wp-bind--role=\"state.roleAttribute\"\n\t\t\t>\n\t\t\t\t\t\t\t<button aria-label=\"Fermer le menu\" class=\"wp-block-navigation__responsive-container-close\" \n\t\t\t\tdata-wp-on--click=\"actions.closeMenuOnClick\"\n\t\t\t><svg xmlns=\"http:\/\/www.w3.org\/2000\/svg\" viewBox=\"0 0 24 24\" width=\"24\" height=\"24\" aria-hidden=\"true\" focusable=\"false\"><path d=\"m13.06 12 6.47-6.47-1.06-1.06L12 10.94 5.53 4.47 4.47 5.53 10.94 12l-6.47 6.47 1.06 1.06L12 13.06l6.47 6.47 1.06-1.06L13.06 12Z\"><\/path><\/svg><\/button>\n\t\t\t\t\t\t\t<div class=\"wp-block-navigation__responsive-container-content\" \n\t\t\t\tdata-wp-watch=\"callbacks.focusFirstElement\"\n\t\t\t id=\"modal-1-content\">\n\t\t\t\t\t\t\t\t<ul class=\"wp-block-navigation__container is-responsive alignwide wp-block-navigation\"><li class=\" wp-block-navigation-item wp-block-navigation-link\"><a class=\"wp-block-navigation-item__content\"  href=\"https:\/\/distopia.fr\/\"><span class=\"wp-block-navigation-item__label\">Distopia<\/span><\/a><\/li><li class=\" wp-block-navigation-item wp-block-navigation-link\"><a class=\"wp-block-navigation-item__content\"  href=\"https:\/\/distopia.fr\/?page_id=83\"><span class=\"wp-block-navigation-item__label\">Le Chant de l\u2019Automne<\/span><\/a><\/li><li class=\" wp-block-navigation-item wp-block-navigation-link\"><a class=\"wp-block-navigation-item__content\"  href=\"https:\/\/distopia.fr\/?page_id=81\"><span class=\"wp-block-navigation-item__label\">Bienvenue \u00e0 Encelade<\/span><\/a><\/li><li class=\" wp-block-navigation-item wp-block-navigation-link\"><a class=\"wp-block-navigation-item__content\"  href=\"https:\/\/distopia.fr\/?page_id=87\"><span class=\"wp-block-navigation-item__label\">Projet Pegasus<\/span><\/a><\/li><li class=\" wp-block-navigation-item wp-block-navigation-link\"><a class=\"wp-block-navigation-item__content\"  href=\"https:\/\/distopia.fr\/?page_id=85\"><span class=\"wp-block-navigation-item__label\">Dernier Jour<\/span><\/a><\/li><li class=\" wp-block-navigation-item wp-block-navigation-link\"><a class=\"wp-block-navigation-item__content\"  href=\"https:\/\/distopia.fr\/?page_id=34\"><span class=\"wp-block-navigation-item__label\">L\u2019\u00e9toile de New Cellarius<\/span><\/a><\/li><li class=\" wp-block-navigation-item wp-block-navigation-link\"><a class=\"wp-block-navigation-item__content\"  href=\"https:\/\/distopia.fr\/?page_id=32\"><span class=\"wp-block-navigation-item__label\">Les Fils d\u2019Azur<\/span><\/a><\/li><li class=\" wp-block-navigation-item wp-block-navigation-link\"><a class=\"wp-block-navigation-item__content\"  href=\"https:\/\/distopia.fr\/?page_id=25\"><span class=\"wp-block-navigation-item__label\">A propos&#8230;<\/span><\/a><\/li><li class=\" wp-block-navigation-item wp-block-navigation-link\"><a class=\"wp-block-navigation-item__content\"  href=\"https:\/\/distopia.fr\/?page_id=30\"><span class=\"wp-block-navigation-item__label\">Les Livres<\/span><\/a><\/li><li class=\" wp-block-navigation-item wp-block-navigation-link\"><a class=\"wp-block-navigation-item__content\"  href=\"https:\/\/distopia.fr\/?page_id=292\"><span class=\"wp-block-navigation-item__label\">Galerie<\/span><\/a><\/li><\/ul>\n\t\t\t\t\t\t\t<\/div>\n\t\t\t\t\t\t<\/div>\n\t\t\t\t\t<\/div>\n\t\t\t\t<\/div><\/nav>","protected":false},"excerpt":{"rendered":"<p>Distopia, Univers Alternatif Ce Livre nous fait d\u00e9couvrir des univers alternatifs au travers de cinq nouvelles. &#8211; Bienvenue \u00e0 Encelade !&#8211; L&rsquo;\u00e9toile de News Cellarius (version courte)&#8211; Le Chant de l&rsquo;Automne&#8211; Dernier Jour&#8211; Projet Pegasus Des visions toutes diff\u00e9rentes, mais ayant un d\u00e9nominateur commun. La perception n&rsquo;est qu&rsquo;une histoire de point de vue\u2026 La r\u00e9v\u00e9lation [&hellip;]<\/p>\n","protected":false},"author":1,"featured_media":231,"parent":0,"menu_order":0,"comment_status":"closed","ping_status":"closed","template":"","meta":{"footnotes":""},"class_list":["post-30","page","type-page","status-publish","has-post-thumbnail","hentry"],"_links":{"self":[{"href":"https:\/\/distopia.fr\/index.php?rest_route=\/wp\/v2\/pages\/30","targetHints":{"allow":["GET"]}}],"collection":[{"href":"https:\/\/distopia.fr\/index.php?rest_route=\/wp\/v2\/pages"}],"about":[{"href":"https:\/\/distopia.fr\/index.php?rest_route=\/wp\/v2\/types\/page"}],"author":[{"embeddable":true,"href":"https:\/\/distopia.fr\/index.php?rest_route=\/wp\/v2\/users\/1"}],"replies":[{"embeddable":true,"href":"https:\/\/distopia.fr\/index.php?rest_route=%2Fwp%2Fv2%2Fcomments&post=30"}],"version-history":[{"count":26,"href":"https:\/\/distopia.fr\/index.php?rest_route=\/wp\/v2\/pages\/30\/revisions"}],"predecessor-version":[{"id":287,"href":"https:\/\/distopia.fr\/index.php?rest_route=\/wp\/v2\/pages\/30\/revisions\/287"}],"wp:featuredmedia":[{"embeddable":true,"href":"https:\/\/distopia.fr\/index.php?rest_route=\/wp\/v2\/media\/231"}],"wp:attachment":[{"href":"https:\/\/distopia.fr\/index.php?rest_route=%2Fwp%2Fv2%2Fmedia&parent=30"}],"curies":[{"name":"wp","href":"https:\/\/api.w.org\/{rel}","templated":true}]}}