{"id":32,"date":"2025-07-14T08:56:39","date_gmt":"2025-07-14T08:56:39","guid":{"rendered":"https:\/\/distopia.fr\/?page_id=32"},"modified":"2025-07-14T14:08:18","modified_gmt":"2025-07-14T14:08:18","slug":"les-fils-dazur","status":"publish","type":"page","link":"https:\/\/distopia.fr\/?page_id=32","title":{"rendered":"Les Fils d&rsquo;Azur"},"content":{"rendered":"\n<div class=\"wp-block-group alignfull has-background has-global-padding is-layout-constrained wp-container-core-group-is-layout-796362d6 wp-block-group-is-layout-constrained\" style=\"background-color:#d4eaf2;margin-top:0;margin-bottom:0;padding-top:var(--wp--preset--spacing--40);padding-right:var(--wp--preset--spacing--50);padding-bottom:var(--wp--preset--spacing--40);padding-left:var(--wp--preset--spacing--50)\">\n<div class=\"wp-block-columns alignwide is-layout-flex wp-container-core-columns-is-layout-28f84493 wp-block-columns-is-layout-flex\">\n<div class=\"wp-block-column is-layout-flow wp-block-column-is-layout-flow\" style=\"flex-basis:70%\">\n<p class=\"has-drop-cap has-heading-font-family has-large-font-size\" style=\"line-height:1.2\">Moins de 2% de terre \u00e9mergent des oc\u00e9ans de la plan\u00e8te Azur. <\/p>\n\n\n\n<p class=\"has-heading-font-family has-large-font-size\" style=\"line-height:1.2\">Dans ce monde o\u00f9 le bleu de l\u2019oc\u00e9an et le bleu du ciel ne font qu\u2019un, le peuple d\u2019Azur vie en harmonie avec la nature.<\/p>\n\n\n\n<p class=\"has-heading-font-family has-large-font-size\" style=\"line-height:1.2\">L\u2019arriv\u00e9e d\u2019un vaisseau spatial endommag\u00e9 va perturber la vie de Servan et Yuna.<\/p>\n\n\n\n<p class=\"has-heading-font-family has-large-font-size\" style=\"line-height:1.2\">Ils vont se rendre compte que l\u2019univers est complexe. Ils vont se trouver entrainer dans les m\u00e9andres de la politique galactique sans m\u00eame s\u2019en rendre compte.<\/p>\n<\/div>\n<\/div>\n\n\n\n<figure class=\"wp-block-image alignwide size-large is-style-rounded is-style-rounded--1\"><img loading=\"lazy\" decoding=\"async\" width=\"1024\" height=\"724\" src=\"https:\/\/distopia.fr\/wp-content\/uploads\/2025\/07\/azur-1-1024x724.jpg\" alt=\"\" class=\"wp-image-183\" srcset=\"https:\/\/distopia.fr\/wp-content\/uploads\/2025\/07\/azur-1-1024x724.jpg 1024w, https:\/\/distopia.fr\/wp-content\/uploads\/2025\/07\/azur-1-300x212.jpg 300w, https:\/\/distopia.fr\/wp-content\/uploads\/2025\/07\/azur-1-768x543.jpg 768w, https:\/\/distopia.fr\/wp-content\/uploads\/2025\/07\/azur-1.jpg 1200w\" sizes=\"auto, (max-width: 1024px) 100vw, 1024px\" \/><\/figure>\n<\/div>\n\n\n\n<div class=\"wp-block-cover alignfull is-light has-parallax\" style=\"padding-top:var(--wp--preset--spacing--50);padding-right:var(--wp--preset--spacing--50);padding-bottom:var(--wp--preset--spacing--50);padding-left:var(--wp--preset--spacing--50);min-height:100vh;aspect-ratio:unset;\"><div class=\"wp-block-cover__image-background wp-image-184 size-large has-parallax\" style=\"background-position:50% 50%;background-image:url(https:\/\/distopia.fr\/wp-content\/uploads\/2025\/07\/azur-5-728x1024.jpg)\"><\/div><span aria-hidden=\"true\" class=\"wp-block-cover__background has-base-background-color has-background-dim-0 has-background-dim\"><\/span><div class=\"wp-block-cover__inner-container has-global-padding is-layout-constrained wp-container-core-cover-is-layout-e4fd886c wp-block-cover-is-layout-constrained\">\n<div style=\"height:500px\" aria-hidden=\"true\" class=\"wp-block-spacer\"><\/div>\n<\/div><\/div>\n\n\n\n<div class=\"wp-block-group alignfull has-base-2-background-color has-background has-global-padding is-layout-constrained wp-container-core-group-is-layout-75012026 wp-block-group-is-layout-constrained\" style=\"margin-top:0;margin-bottom:0;padding-top:var(--wp--preset--spacing--40);padding-right:var(--wp--preset--spacing--60);padding-bottom:var(--wp--preset--spacing--40);padding-left:var(--wp--preset--spacing--60)\">\n<div class=\"wp-block-group alignwide is-layout-flow wp-block-group-is-layout-flow\">\n<p class=\"has-text-align-center has-heading-font-family has-large-font-size\" style=\"font-style:normal;font-weight:400;line-height:1.2\"><em>\u00ab&nbsp;Du ciel, Azur est encore plus somptueuse que dans mes souvenirs. J\u2019ai fait une derni\u00e8re boucle au-dessus de l\u2019ile, puis j\u2019ai suivi les courants a\u00e9riens en direction de la zone o\u00f9 mon instinct situait mon ile.&nbsp;\u00bb<\/em><\/p>\n<\/div>\n<\/div>\n\n\n\n<div class=\"wp-block-group alignfull has-base-2-color has-contrast-background-color has-text-color has-background has-link-color wp-elements-137e94698f1d2178e9cc8f06f3d45284 has-global-padding is-layout-constrained wp-container-core-group-is-layout-b2790427 wp-block-group-is-layout-constrained\" style=\"margin-top:0;margin-bottom:0;padding-top:var(--wp--preset--spacing--40);padding-right:var(--wp--preset--spacing--50);padding-bottom:var(--wp--preset--spacing--40);padding-left:var(--wp--preset--spacing--50)\">\n<div class=\"wp-block-columns alignwide is-layout-flex wp-container-core-columns-is-layout-d1c656ed wp-block-columns-is-layout-flex\">\n<div class=\"wp-block-column is-vertically-aligned-stretch is-layout-flow wp-block-column-is-layout-flow\" style=\"padding-right:0;flex-basis:50%\">\n<div class=\"wp-block-group is-vertical is-content-justification-stretch is-layout-flex wp-container-core-group-is-layout-ae24f51d wp-block-group-is-layout-flex\" style=\"min-height:100%\">\n<figure class=\"wp-block-image size-large is-style-rounded is-style-rounded--2\"><img loading=\"lazy\" decoding=\"async\" width=\"1024\" height=\"724\" src=\"https:\/\/distopia.fr\/wp-content\/uploads\/2025\/07\/azur-2-1024x724.jpg\" alt=\"\" class=\"wp-image-185\" style=\"aspect-ratio:3\/2;object-fit:contain\" srcset=\"https:\/\/distopia.fr\/wp-content\/uploads\/2025\/07\/azur-2-1024x724.jpg 1024w, https:\/\/distopia.fr\/wp-content\/uploads\/2025\/07\/azur-2-300x212.jpg 300w, https:\/\/distopia.fr\/wp-content\/uploads\/2025\/07\/azur-2-768x543.jpg 768w, https:\/\/distopia.fr\/wp-content\/uploads\/2025\/07\/azur-2.jpg 1200w\" sizes=\"auto, (max-width: 1024px) 100vw, 1024px\" \/><\/figure>\n\n\n\n<figure class=\"wp-block-image size-large is-style-rounded is-style-rounded--3\"><img loading=\"lazy\" decoding=\"async\" width=\"1024\" height=\"724\" src=\"https:\/\/distopia.fr\/wp-content\/uploads\/2025\/07\/azur-4-1024x724.jpg\" alt=\"\" class=\"wp-image-186\" style=\"aspect-ratio:3\/2;object-fit:contain\" srcset=\"https:\/\/distopia.fr\/wp-content\/uploads\/2025\/07\/azur-4-1024x724.jpg 1024w, https:\/\/distopia.fr\/wp-content\/uploads\/2025\/07\/azur-4-300x212.jpg 300w, https:\/\/distopia.fr\/wp-content\/uploads\/2025\/07\/azur-4-768x543.jpg 768w, https:\/\/distopia.fr\/wp-content\/uploads\/2025\/07\/azur-4.jpg 1200w\" sizes=\"auto, (max-width: 1024px) 100vw, 1024px\" \/><\/figure>\n<\/div>\n<\/div>\n\n\n\n<div class=\"wp-block-column is-layout-flow wp-block-column-is-layout-flow\" style=\"flex-basis:50%\">\n<div class=\"wp-block-group has-global-padding is-layout-constrained wp-block-group-is-layout-constrained\">\n<p class=\"has-large-font-size\" style=\"font-style:normal;font-weight:500;line-height:1.2\">La version compl\u00e8te du roman <\/p>\n\n\n\n<p class=\"has-text-color has-link-color has-x-large-font-size wp-elements-7f0a5081a99f031e52acfc7f7563a86b\" style=\"color:#7bd1f1;font-style:normal;font-weight:500;line-height:1.2\"><em>Les fils d&rsquo;Azur<\/em><\/p>\n\n\n\n<p class=\"has-large-font-size\" style=\"font-style:normal;font-weight:500;line-height:1.2\">est disponible en&nbsp;<strong>livre de poche<\/strong>.<\/p>\n\n\n\n<div style=\"height:var(--wp--preset--spacing--40)\" aria-hidden=\"true\" class=\"wp-block-spacer\"><\/div>\n\n\n\n<figure class=\"wp-block-image size-large is-style-rounded is-style-rounded--4\"><img loading=\"lazy\" decoding=\"async\" width=\"1024\" height=\"724\" src=\"http:\/\/distopia.fr\/wp-content\/uploads\/2025\/07\/azur-3-1024x724.jpg\" alt=\"\" class=\"wp-image-187\" style=\"aspect-ratio:3\/2;object-fit:contain\" srcset=\"https:\/\/distopia.fr\/wp-content\/uploads\/2025\/07\/azur-3-1024x724.jpg 1024w, https:\/\/distopia.fr\/wp-content\/uploads\/2025\/07\/azur-3-300x212.jpg 300w, https:\/\/distopia.fr\/wp-content\/uploads\/2025\/07\/azur-3-768x543.jpg 768w, https:\/\/distopia.fr\/wp-content\/uploads\/2025\/07\/azur-3.jpg 1200w\" sizes=\"auto, (max-width: 1024px) 100vw, 1024px\" \/><\/figure>\n<\/div>\n<\/div>\n<\/div>\n<\/div>\n\n\n<nav class=\"is-responsive alignwide wp-block-navigation is-layout-flex wp-block-navigation-is-layout-flex\" aria-label=\"Menu 3\" \n\t\t data-wp-interactive=\"core\/navigation\" data-wp-context='{\"overlayOpenedBy\":{\"click\":false,\"hover\":false,\"focus\":false},\"type\":\"overlay\",\"roleAttribute\":\"\",\"ariaLabel\":\"Menu\"}'><button aria-haspopup=\"dialog\" aria-label=\"Ouvrir le menu\" class=\"wp-block-navigation__responsive-container-open\" \n\t\t\t\tdata-wp-on--click=\"actions.openMenuOnClick\"\n\t\t\t\tdata-wp-on--keydown=\"actions.handleMenuKeydown\"\n\t\t\t><svg width=\"24\" height=\"24\" xmlns=\"http:\/\/www.w3.org\/2000\/svg\" viewBox=\"0 0 24 24\" aria-hidden=\"true\" focusable=\"false\"><path d=\"M4 7.5h16v1.5H4z\"><\/path><path d=\"M4 15h16v1.5H4z\"><\/path><\/svg><\/button>\n\t\t\t\t<div class=\"wp-block-navigation__responsive-container\"  id=\"modal-5\" \n\t\t\t\tdata-wp-class--has-modal-open=\"state.isMenuOpen\"\n\t\t\t\tdata-wp-class--is-menu-open=\"state.isMenuOpen\"\n\t\t\t\tdata-wp-watch=\"callbacks.initMenu\"\n\t\t\t\tdata-wp-on--keydown=\"actions.handleMenuKeydown\"\n\t\t\t\tdata-wp-on--focusout=\"actions.handleMenuFocusout\"\n\t\t\t\ttabindex=\"-1\"\n\t\t\t>\n\t\t\t\t\t<div class=\"wp-block-navigation__responsive-close\" tabindex=\"-1\">\n\t\t\t\t\t\t<div class=\"wp-block-navigation__responsive-dialog\" \n\t\t\t\tdata-wp-bind--aria-modal=\"state.ariaModal\"\n\t\t\t\tdata-wp-bind--aria-label=\"state.ariaLabel\"\n\t\t\t\tdata-wp-bind--role=\"state.roleAttribute\"\n\t\t\t>\n\t\t\t\t\t\t\t<button aria-label=\"Fermer le menu\" class=\"wp-block-navigation__responsive-container-close\" \n\t\t\t\tdata-wp-on--click=\"actions.closeMenuOnClick\"\n\t\t\t><svg xmlns=\"http:\/\/www.w3.org\/2000\/svg\" viewBox=\"0 0 24 24\" width=\"24\" height=\"24\" aria-hidden=\"true\" focusable=\"false\"><path d=\"m13.06 12 6.47-6.47-1.06-1.06L12 10.94 5.53 4.47 4.47 5.53 10.94 12l-6.47 6.47 1.06 1.06L12 13.06l6.47 6.47 1.06-1.06L13.06 12Z\"><\/path><\/svg><\/button>\n\t\t\t\t\t\t\t<div class=\"wp-block-navigation__responsive-container-content\" \n\t\t\t\tdata-wp-watch=\"callbacks.focusFirstElement\"\n\t\t\t id=\"modal-5-content\">\n\t\t\t\t\t\t\t\t<ul class=\"wp-block-navigation__container is-responsive alignwide wp-block-navigation\"><li class=\" wp-block-navigation-item wp-block-navigation-link\"><a class=\"wp-block-navigation-item__content\"  href=\"https:\/\/distopia.fr\/\"><span class=\"wp-block-navigation-item__label\">Distopia<\/span><\/a><\/li><li class=\" wp-block-navigation-item wp-block-navigation-link\"><a class=\"wp-block-navigation-item__content\"  href=\"https:\/\/distopia.fr\/?page_id=83\"><span class=\"wp-block-navigation-item__label\">Le Chant de l\u2019Automne<\/span><\/a><\/li><li class=\" wp-block-navigation-item wp-block-navigation-link\"><a class=\"wp-block-navigation-item__content\"  href=\"https:\/\/distopia.fr\/?page_id=81\"><span class=\"wp-block-navigation-item__label\">Bienvenue \u00e0 Encelade<\/span><\/a><\/li><li class=\" wp-block-navigation-item wp-block-navigation-link\"><a class=\"wp-block-navigation-item__content\"  href=\"https:\/\/distopia.fr\/?page_id=87\"><span class=\"wp-block-navigation-item__label\">Projet Pegasus<\/span><\/a><\/li><li class=\" wp-block-navigation-item wp-block-navigation-link\"><a class=\"wp-block-navigation-item__content\"  href=\"https:\/\/distopia.fr\/?page_id=85\"><span class=\"wp-block-navigation-item__label\">Dernier Jour<\/span><\/a><\/li><li class=\" wp-block-navigation-item wp-block-navigation-link\"><a class=\"wp-block-navigation-item__content\"  href=\"https:\/\/distopia.fr\/?page_id=34\"><span class=\"wp-block-navigation-item__label\">L\u2019\u00e9toile de New Cellarius<\/span><\/a><\/li><li class=\" wp-block-navigation-item wp-block-navigation-link\"><a class=\"wp-block-navigation-item__content\"  href=\"https:\/\/distopia.fr\/?page_id=32\"><span class=\"wp-block-navigation-item__label\">Les Fils d\u2019Azur<\/span><\/a><\/li><li class=\" wp-block-navigation-item wp-block-navigation-link\"><a class=\"wp-block-navigation-item__content\"  href=\"https:\/\/distopia.fr\/?page_id=25\"><span class=\"wp-block-navigation-item__label\">A propos&#8230;<\/span><\/a><\/li><li class=\" wp-block-navigation-item wp-block-navigation-link\"><a class=\"wp-block-navigation-item__content\"  href=\"https:\/\/distopia.fr\/?page_id=30\"><span class=\"wp-block-navigation-item__label\">Les Livres<\/span><\/a><\/li><li class=\" wp-block-navigation-item wp-block-navigation-link\"><a class=\"wp-block-navigation-item__content\"  href=\"https:\/\/distopia.fr\/?page_id=292\"><span class=\"wp-block-navigation-item__label\">Galerie<\/span><\/a><\/li><\/ul>\n\t\t\t\t\t\t\t<\/div>\n\t\t\t\t\t\t<\/div>\n\t\t\t\t\t<\/div>\n\t\t\t\t<\/div><\/nav>","protected":false},"excerpt":{"rendered":"<p>Moins de 2% de terre \u00e9mergent des oc\u00e9ans de la plan\u00e8te Azur. Dans ce monde o\u00f9 le bleu de l\u2019oc\u00e9an et le bleu du ciel ne font qu\u2019un, le peuple d\u2019Azur vie en harmonie avec la nature. L\u2019arriv\u00e9e d\u2019un vaisseau spatial endommag\u00e9 va perturber la vie de Servan et Yuna. Ils vont se rendre compte [&hellip;]<\/p>\n","protected":false},"author":1,"featured_media":182,"parent":0,"menu_order":0,"comment_status":"closed","ping_status":"closed","template":"","meta":{"footnotes":""},"class_list":["post-32","page","type-page","status-publish","has-post-thumbnail","hentry"],"_links":{"self":[{"href":"https:\/\/distopia.fr\/index.php?rest_route=\/wp\/v2\/pages\/32","targetHints":{"allow":["GET"]}}],"collection":[{"href":"https:\/\/distopia.fr\/index.php?rest_route=\/wp\/v2\/pages"}],"about":[{"href":"https:\/\/distopia.fr\/index.php?rest_route=\/wp\/v2\/types\/page"}],"author":[{"embeddable":true,"href":"https:\/\/distopia.fr\/index.php?rest_route=\/wp\/v2\/users\/1"}],"replies":[{"embeddable":true,"href":"https:\/\/distopia.fr\/index.php?rest_route=%2Fwp%2Fv2%2Fcomments&post=32"}],"version-history":[{"count":8,"href":"https:\/\/distopia.fr\/index.php?rest_route=\/wp\/v2\/pages\/32\/revisions"}],"predecessor-version":[{"id":265,"href":"https:\/\/distopia.fr\/index.php?rest_route=\/wp\/v2\/pages\/32\/revisions\/265"}],"wp:featuredmedia":[{"embeddable":true,"href":"https:\/\/distopia.fr\/index.php?rest_route=\/wp\/v2\/media\/182"}],"wp:attachment":[{"href":"https:\/\/distopia.fr\/index.php?rest_route=%2Fwp%2Fv2%2Fmedia&parent=32"}],"curies":[{"name":"wp","href":"https:\/\/api.w.org\/{rel}","templated":true}]}}