{"id":34,"date":"2025-07-13T13:38:44","date_gmt":"2025-07-13T13:38:44","guid":{"rendered":"https:\/\/distopia.fr\/?page_id=34"},"modified":"2025-07-14T15:17:49","modified_gmt":"2025-07-14T15:17:49","slug":"letoile-de-new-cellarius","status":"publish","type":"page","link":"https:\/\/distopia.fr\/?page_id=34","title":{"rendered":"L&rsquo;\u00e9toile de New Cellarius"},"content":{"rendered":"\n<div class=\"wp-block-group alignfull has-background has-global-padding is-layout-constrained wp-container-core-group-is-layout-7f816e57 wp-block-group-is-layout-constrained\" style=\"background-color:#d68c77;margin-top:0;margin-bottom:0;padding-top:var(--wp--preset--spacing--40);padding-right:var(--wp--preset--spacing--40);padding-bottom:var(--wp--preset--spacing--40);padding-left:var(--wp--preset--spacing--40)\">\n<div class=\"wp-block-columns alignwide is-layout-flex wp-container-core-columns-is-layout-28f84493 wp-block-columns-is-layout-flex\">\n<div class=\"wp-block-column is-layout-flow wp-block-column-is-layout-flow\" style=\"flex-basis:100%\">\n<p class=\"has-drop-cap has-heading-font-family has-large-font-size\" style=\"line-height:1.2\">Il y a trois cent ans, la plan\u00e8te Cellarius \u00e0 fait scission avec la Terre pour obtenir son ind\u00e9pendance.<\/p>\n\n\n\n<p class=\"has-heading-font-family has-large-font-size\" style=\"line-height:1.2\">Dans l\u2019univers maitris\u00e9 de cette nouvelle plan\u00e8te, la jeunesse trouve son salut dans la d\u00e9pravation. Ils varient leurs plaisirs entre la f\u00eate, l\u2019alcool et les drogues.<\/p>\n\n\n\n<p class=\"has-heading-font-family has-large-font-size\" style=\"line-height:1.2\">Une petite bande \u00e0 fait de la visite des caves sa sp\u00e9cialit\u00e9. Ils ratissent tout ce qui peut \u00eatre monnayable, jusqu\u2019au jour o\u00f9 une exp\u00e9dition tourne mal.<\/p>\n\n\n\n<p class=\"has-heading-font-family has-large-font-size\" style=\"line-height:1.2\">Des \u00e9v\u00e9nements inattendus vont leur permettre de toucher du doigt le destin funeste qui attend leur plan\u00e8te.<\/p>\n\n\n\n<p class=\"has-heading-font-family has-large-font-size\" style=\"line-height:1.2\">La corporation qui dirige Cellarius connait cette v\u00e9rit\u00e9 depuis longtemps et tente d\u2019en inverser l\u2019issue\u2026<\/p>\n<\/div>\n<\/div>\n\n\n\n<div style=\"height:36px\" aria-hidden=\"true\" class=\"wp-block-spacer\"><\/div>\n\n\n\n<figure class=\"wp-block-image alignwide size-full is-style-rounded is-style-rounded--1\"><img loading=\"lazy\" decoding=\"async\" width=\"1000\" height=\"707\" src=\"https:\/\/distopia.fr\/wp-content\/uploads\/2025\/07\/Celarius-W-1.jpg\" alt=\"\" class=\"wp-image-271\" srcset=\"https:\/\/distopia.fr\/wp-content\/uploads\/2025\/07\/Celarius-W-1.jpg 1000w, https:\/\/distopia.fr\/wp-content\/uploads\/2025\/07\/Celarius-W-1-300x212.jpg 300w, https:\/\/distopia.fr\/wp-content\/uploads\/2025\/07\/Celarius-W-1-768x543.jpg 768w\" sizes=\"auto, (max-width: 1000px) 100vw, 1000px\" \/><\/figure>\n<\/div>\n\n\n\n<div class=\"wp-block-group alignfull has-base-2-background-color has-background has-global-padding is-layout-constrained wp-container-core-group-is-layout-218c8f3f wp-block-group-is-layout-constrained\" style=\"margin-top:0;margin-bottom:0;padding-top:var(--wp--preset--spacing--30);padding-right:var(--wp--preset--spacing--60);padding-bottom:var(--wp--preset--spacing--30);padding-left:var(--wp--preset--spacing--60)\">\n<div class=\"wp-block-group alignwide is-layout-flow wp-block-group-is-layout-flow\">\n<p class=\"has-text-align-center has-heading-font-family has-large-font-size\" style=\"font-style:normal;font-weight:400;line-height:1.2\"><em>\u00ab&nbsp;Tu te souviens du vieux avec sa cave remplie de bouteilles de champagne mill\u00e9sim\u00e9es&nbsp;?&nbsp;<\/em><\/p>\n\n\n\n<p class=\"has-text-align-center has-heading-font-family has-large-font-size\" style=\"font-style:normal;font-weight:400;line-height:1.2\"><em>Quand on tombe sur une cave avec un syst\u00e8me d\u2019alarme \u00ab Jesurveille \u00bb, on prend toujours 10 secondes pour shunter le syst\u00e8me et visiter la cave. On a fait une razzia inoubliable ! On a entendu le propri\u00e9taire hurler \u00e0 la mort pendant des jours, dans tout le quartier.&nbsp;\u00bb<\/em><\/p>\n<\/div>\n<\/div>\n\n\n\n<div class=\"wp-block-group alignfull has-base-2-color has-contrast-background-color has-text-color has-background has-link-color wp-elements-be298d42e838f92e619fcd02a2ef063f has-global-padding is-layout-constrained wp-container-core-group-is-layout-a80f4891 wp-block-group-is-layout-constrained\" style=\"margin-top:0;margin-bottom:0;padding-top:var(--wp--preset--spacing--40);padding-right:var(--wp--preset--spacing--40);padding-bottom:var(--wp--preset--spacing--40);padding-left:var(--wp--preset--spacing--40)\">\n<div class=\"wp-block-columns alignwide is-layout-flex wp-container-core-columns-is-layout-28f84493 wp-block-columns-is-layout-flex\">\n<div class=\"wp-block-column has-global-padding is-content-justification-center is-layout-constrained wp-container-core-column-is-layout-eeeb4991 wp-block-column-is-layout-constrained\" style=\"border-style:none;border-width:0px;border-radius:0px;padding-top:0;padding-right:0;padding-bottom:0;padding-left:0\">\n<figure class=\"wp-block-image size-full is-style-rounded is-style-rounded--2\"><img loading=\"lazy\" decoding=\"async\" width=\"1000\" height=\"707\" src=\"https:\/\/distopia.fr\/wp-content\/uploads\/2025\/07\/celarius-2-W-1.jpg\" alt=\"\" class=\"wp-image-272\" style=\"aspect-ratio:1.7777777777777777;object-fit:contain\" srcset=\"https:\/\/distopia.fr\/wp-content\/uploads\/2025\/07\/celarius-2-W-1.jpg 1000w, https:\/\/distopia.fr\/wp-content\/uploads\/2025\/07\/celarius-2-W-1-300x212.jpg 300w, https:\/\/distopia.fr\/wp-content\/uploads\/2025\/07\/celarius-2-W-1-768x543.jpg 768w\" sizes=\"auto, (max-width: 1000px) 100vw, 1000px\" \/><\/figure>\n<\/div>\n\n\n\n<div class=\"wp-block-column is-layout-flow wp-block-column-is-layout-flow\">\n<p class=\"has-large-font-size\" style=\"font-style:normal;font-weight:500;line-height:1.2\">La version compl\u00e8te du roman est disponible en <strong>livre de poche<\/strong>.<\/p>\n\n\n\n<p class=\"has-large-font-size\" style=\"font-style:normal;font-weight:500;line-height:1.2\">Vous trouverez un extrait sous forme de nouvelle de <\/p>\n\n\n\n<p class=\"has-text-color has-link-color has-x-large-font-size wp-elements-b5ff6f645d96ee2485d0cd3180094cef\" style=\"color:#d68c77;font-style:normal;font-weight:500;line-height:1.2\"><em>L&rsquo;\u00e9toile de New Cellarius <\/em><\/p>\n\n\n\n<p class=\"has-large-font-size\" style=\"font-style:normal;font-weight:500;line-height:1.2\">dans le recueil<\/p>\n\n\n\n<p class=\"has-x-large-font-size\" style=\"font-style:normal;font-weight:500;line-height:1.2\"><em>Distopia, Univers Alternatifs<\/em><\/p>\n<\/div>\n<\/div>\n<\/div>\n\n\n<nav class=\"is-responsive alignwide wp-block-navigation is-layout-flex wp-block-navigation-is-layout-flex\" aria-label=\"Menu 3\" \n\t\t data-wp-interactive=\"core\/navigation\" data-wp-context='{\"overlayOpenedBy\":{\"click\":false,\"hover\":false,\"focus\":false},\"type\":\"overlay\",\"roleAttribute\":\"\",\"ariaLabel\":\"Menu\"}'><button aria-haspopup=\"dialog\" aria-label=\"Ouvrir le menu\" class=\"wp-block-navigation__responsive-container-open\" \n\t\t\t\tdata-wp-on--click=\"actions.openMenuOnClick\"\n\t\t\t\tdata-wp-on--keydown=\"actions.handleMenuKeydown\"\n\t\t\t><svg width=\"24\" height=\"24\" xmlns=\"http:\/\/www.w3.org\/2000\/svg\" viewBox=\"0 0 24 24\" aria-hidden=\"true\" focusable=\"false\"><path d=\"M4 7.5h16v1.5H4z\"><\/path><path d=\"M4 15h16v1.5H4z\"><\/path><\/svg><\/button>\n\t\t\t\t<div class=\"wp-block-navigation__responsive-container\"  id=\"modal-3\" \n\t\t\t\tdata-wp-class--has-modal-open=\"state.isMenuOpen\"\n\t\t\t\tdata-wp-class--is-menu-open=\"state.isMenuOpen\"\n\t\t\t\tdata-wp-watch=\"callbacks.initMenu\"\n\t\t\t\tdata-wp-on--keydown=\"actions.handleMenuKeydown\"\n\t\t\t\tdata-wp-on--focusout=\"actions.handleMenuFocusout\"\n\t\t\t\ttabindex=\"-1\"\n\t\t\t>\n\t\t\t\t\t<div class=\"wp-block-navigation__responsive-close\" tabindex=\"-1\">\n\t\t\t\t\t\t<div class=\"wp-block-navigation__responsive-dialog\" \n\t\t\t\tdata-wp-bind--aria-modal=\"state.ariaModal\"\n\t\t\t\tdata-wp-bind--aria-label=\"state.ariaLabel\"\n\t\t\t\tdata-wp-bind--role=\"state.roleAttribute\"\n\t\t\t>\n\t\t\t\t\t\t\t<button aria-label=\"Fermer le menu\" class=\"wp-block-navigation__responsive-container-close\" \n\t\t\t\tdata-wp-on--click=\"actions.closeMenuOnClick\"\n\t\t\t><svg xmlns=\"http:\/\/www.w3.org\/2000\/svg\" viewBox=\"0 0 24 24\" width=\"24\" height=\"24\" aria-hidden=\"true\" focusable=\"false\"><path d=\"m13.06 12 6.47-6.47-1.06-1.06L12 10.94 5.53 4.47 4.47 5.53 10.94 12l-6.47 6.47 1.06 1.06L12 13.06l6.47 6.47 1.06-1.06L13.06 12Z\"><\/path><\/svg><\/button>\n\t\t\t\t\t\t\t<div class=\"wp-block-navigation__responsive-container-content\" \n\t\t\t\tdata-wp-watch=\"callbacks.focusFirstElement\"\n\t\t\t id=\"modal-3-content\">\n\t\t\t\t\t\t\t\t<ul class=\"wp-block-navigation__container is-responsive alignwide wp-block-navigation\"><li class=\" wp-block-navigation-item wp-block-navigation-link\"><a class=\"wp-block-navigation-item__content\"  href=\"https:\/\/distopia.fr\/\"><span class=\"wp-block-navigation-item__label\">Distopia<\/span><\/a><\/li><li class=\" wp-block-navigation-item wp-block-navigation-link\"><a class=\"wp-block-navigation-item__content\"  href=\"https:\/\/distopia.fr\/?page_id=83\"><span class=\"wp-block-navigation-item__label\">Le Chant de l\u2019Automne<\/span><\/a><\/li><li class=\" wp-block-navigation-item wp-block-navigation-link\"><a class=\"wp-block-navigation-item__content\"  href=\"https:\/\/distopia.fr\/?page_id=81\"><span class=\"wp-block-navigation-item__label\">Bienvenue \u00e0 Encelade<\/span><\/a><\/li><li class=\" wp-block-navigation-item wp-block-navigation-link\"><a class=\"wp-block-navigation-item__content\"  href=\"https:\/\/distopia.fr\/?page_id=87\"><span class=\"wp-block-navigation-item__label\">Projet Pegasus<\/span><\/a><\/li><li class=\" wp-block-navigation-item wp-block-navigation-link\"><a class=\"wp-block-navigation-item__content\"  href=\"https:\/\/distopia.fr\/?page_id=85\"><span class=\"wp-block-navigation-item__label\">Dernier Jour<\/span><\/a><\/li><li class=\" wp-block-navigation-item wp-block-navigation-link\"><a class=\"wp-block-navigation-item__content\"  href=\"https:\/\/distopia.fr\/?page_id=34\"><span class=\"wp-block-navigation-item__label\">L\u2019\u00e9toile de New Cellarius<\/span><\/a><\/li><li class=\" wp-block-navigation-item wp-block-navigation-link\"><a class=\"wp-block-navigation-item__content\"  href=\"https:\/\/distopia.fr\/?page_id=32\"><span class=\"wp-block-navigation-item__label\">Les Fils d\u2019Azur<\/span><\/a><\/li><li class=\" wp-block-navigation-item wp-block-navigation-link\"><a class=\"wp-block-navigation-item__content\"  href=\"https:\/\/distopia.fr\/?page_id=25\"><span class=\"wp-block-navigation-item__label\">A propos&#8230;<\/span><\/a><\/li><li class=\" wp-block-navigation-item wp-block-navigation-link\"><a class=\"wp-block-navigation-item__content\"  href=\"https:\/\/distopia.fr\/?page_id=30\"><span class=\"wp-block-navigation-item__label\">Les Livres<\/span><\/a><\/li><li class=\" wp-block-navigation-item wp-block-navigation-link\"><a class=\"wp-block-navigation-item__content\"  href=\"https:\/\/distopia.fr\/?page_id=292\"><span class=\"wp-block-navigation-item__label\">Galerie<\/span><\/a><\/li><\/ul>\n\t\t\t\t\t\t\t<\/div>\n\t\t\t\t\t\t<\/div>\n\t\t\t\t\t<\/div>\n\t\t\t\t<\/div><\/nav>","protected":false},"excerpt":{"rendered":"<p>Il y a trois cent ans, la plan\u00e8te Cellarius \u00e0 fait scission avec la Terre pour obtenir son ind\u00e9pendance. Dans l\u2019univers maitris\u00e9 de cette nouvelle plan\u00e8te, la jeunesse trouve son salut dans la d\u00e9pravation. Ils varient leurs plaisirs entre la f\u00eate, l\u2019alcool et les drogues. Une petite bande \u00e0 fait de la visite des caves [&hellip;]<\/p>\n","protected":false},"author":1,"featured_media":270,"parent":0,"menu_order":0,"comment_status":"closed","ping_status":"closed","template":"","meta":{"footnotes":""},"class_list":["post-34","page","type-page","status-publish","has-post-thumbnail","hentry"],"_links":{"self":[{"href":"https:\/\/distopia.fr\/index.php?rest_route=\/wp\/v2\/pages\/34","targetHints":{"allow":["GET"]}}],"collection":[{"href":"https:\/\/distopia.fr\/index.php?rest_route=\/wp\/v2\/pages"}],"about":[{"href":"https:\/\/distopia.fr\/index.php?rest_route=\/wp\/v2\/types\/page"}],"author":[{"embeddable":true,"href":"https:\/\/distopia.fr\/index.php?rest_route=\/wp\/v2\/users\/1"}],"replies":[{"embeddable":true,"href":"https:\/\/distopia.fr\/index.php?rest_route=%2Fwp%2Fv2%2Fcomments&post=34"}],"version-history":[{"count":16,"href":"https:\/\/distopia.fr\/index.php?rest_route=\/wp\/v2\/pages\/34\/revisions"}],"predecessor-version":[{"id":273,"href":"https:\/\/distopia.fr\/index.php?rest_route=\/wp\/v2\/pages\/34\/revisions\/273"}],"wp:featuredmedia":[{"embeddable":true,"href":"https:\/\/distopia.fr\/index.php?rest_route=\/wp\/v2\/media\/270"}],"wp:attachment":[{"href":"https:\/\/distopia.fr\/index.php?rest_route=%2Fwp%2Fv2%2Fmedia&parent=34"}],"curies":[{"name":"wp","href":"https:\/\/api.w.org\/{rel}","templated":true}]}}