{"id":83,"date":"2025-07-13T15:06:18","date_gmt":"2025-07-13T15:06:18","guid":{"rendered":"https:\/\/distopia.fr\/?page_id=83"},"modified":"2025-07-14T14:02:43","modified_gmt":"2025-07-14T14:02:43","slug":"le-chant-de-lautomne","status":"publish","type":"page","link":"https:\/\/distopia.fr\/?page_id=83","title":{"rendered":"Le Chant de l&rsquo;Automne"},"content":{"rendered":"\n<div class=\"wp-block-group alignfull has-background has-global-padding is-layout-constrained wp-container-core-group-is-layout-f6cc5ae6 wp-block-group-is-layout-constrained\" style=\"background-color:#d2afa1;margin-top:0;margin-bottom:0;padding-top:var(--wp--preset--spacing--30);padding-right:var(--wp--preset--spacing--50);padding-bottom:var(--wp--preset--spacing--30);padding-left:var(--wp--preset--spacing--50)\">\n<div class=\"wp-block-columns alignwide is-layout-flex wp-container-core-columns-is-layout-28f84493 wp-block-columns-is-layout-flex\">\n<div class=\"wp-block-column is-layout-flow wp-block-column-is-layout-flow\" style=\"flex-basis:60%\">\n<p class=\"has-drop-cap has-heading-font-family has-large-font-size\" style=\"line-height:1.2\">Une danger mortel s\u2019abat sur la terre, d\u00e9truisant lentement notre civilisation. Les hommes n\u2019ont d\u2019autre choix que se r\u00e9fugier sous terre dans d\u2019immense aires souterraines, les ASA.<\/p>\n\n\n\n<p class=\"has-heading-font-family has-large-font-size\" style=\"line-height:1.2\">Une soci\u00e9t\u00e9 nouvelle nait dans ces cavernes d\u2019acier. La vie retrouve ses droits\u2026et ses routines. Peu \u00e0 peu, le doute s\u2019installe dans la population. Et si les dirigeants n\u2019\u0153uvraient pas pour le bien de l\u2019humanit\u00e9&nbsp;?<\/p>\n\n\n\n<p class=\"has-heading-font-family has-large-font-size\" style=\"line-height:1.2\">Arthur, qui ne r\u00eavait que d\u2019une vie heureuse au sein de sa communaut\u00e9, se retrouve pris dans un maelstr\u00f6m qui l\u2019emm\u00e8ne vers une mort certaine. Il choisit la seule option qui s\u2019offre \u00e0 lui\u2026<\/p>\n<\/div>\n<\/div>\n\n\n\n<figure class=\"wp-block-image alignwide size-full is-style-rounded is-style-rounded--1\"><img loading=\"lazy\" decoding=\"async\" width=\"1000\" height=\"965\" src=\"https:\/\/distopia.fr\/wp-content\/uploads\/2025\/07\/terre-rouge.jpg\" alt=\"\" class=\"wp-image-140\" srcset=\"https:\/\/distopia.fr\/wp-content\/uploads\/2025\/07\/terre-rouge.jpg 1000w, https:\/\/distopia.fr\/wp-content\/uploads\/2025\/07\/terre-rouge-300x290.jpg 300w, https:\/\/distopia.fr\/wp-content\/uploads\/2025\/07\/terre-rouge-768x741.jpg 768w\" sizes=\"auto, (max-width: 1000px) 100vw, 1000px\" \/><\/figure>\n<\/div>\n\n\n\n<div class=\"wp-block-group alignfull has-base-2-background-color has-background has-global-padding is-layout-constrained wp-container-core-group-is-layout-75012026 wp-block-group-is-layout-constrained\" style=\"margin-top:0;margin-bottom:0;padding-top:var(--wp--preset--spacing--40);padding-right:var(--wp--preset--spacing--60);padding-bottom:var(--wp--preset--spacing--40);padding-left:var(--wp--preset--spacing--60)\">\n<div class=\"wp-block-group alignwide is-layout-flow wp-block-group-is-layout-flow\">\n<p class=\"has-text-align-center has-heading-font-family has-large-font-size\" style=\"font-style:normal;font-weight:400;line-height:1.2\">\u00ab\u00a0<em>Johan \u00e9tait au bord du gouffre. Ce trou b\u00e9ant, qui s\u2019ouvrait \u00e0 ses pieds, n\u2019avait rien de m\u00e9taphorique. Il \u00e9tait le r\u00e9sultat d\u2019un labeur acharn\u00e9. Ce cirque de plus de 210 m\u00e8tres de diam\u00e8tre serait bient\u00f4t recouvert d\u2019un d\u00f4me de b\u00e9ton et d\u2019acier de plus de 2 m\u00e8tres d\u2019\u00e9paisseur, qui serait \u00e0 son tour recouvert d\u2019une montagne de terre.<\/em>\u00ab\u00a0<\/p>\n<\/div>\n<\/div>\n\n\n\n<div class=\"wp-block-group alignfull has-base-2-color has-contrast-background-color has-text-color has-background has-link-color wp-elements-9e5b30de8e9c0e2c3c6b2ab2dc19926b has-global-padding is-layout-constrained wp-container-core-group-is-layout-facafb6f wp-block-group-is-layout-constrained\" style=\"margin-top:0;margin-bottom:0;padding-top:var(--wp--preset--spacing--50);padding-right:var(--wp--preset--spacing--50);padding-bottom:var(--wp--preset--spacing--50);padding-left:var(--wp--preset--spacing--50)\">\n<div class=\"wp-block-columns alignwide is-layout-flex wp-container-core-columns-is-layout-d1c656ed wp-block-columns-is-layout-flex\">\n<div class=\"wp-block-column is-vertically-aligned-stretch is-layout-flow wp-block-column-is-layout-flow\" style=\"padding-right:0;flex-basis:50%\">\n<div style=\"height:96px\" aria-hidden=\"true\" class=\"wp-block-spacer\"><\/div>\n\n\n\n<p class=\"has-text-color has-link-color has-x-large-font-size wp-elements-b38c25e6e5875296dd140dcbf67f2342\" style=\"color:#d2afa1;font-style:normal;font-weight:500;line-height:1.2\"><em>Le Chant de l&rsquo;Automne <\/em><\/p>\n\n\n\n<p class=\"has-large-font-size\" style=\"font-style:normal;font-weight:500;line-height:1.2\"><em>est une nouvelle publi\u00e9e dans le Recueil <\/em><\/p>\n\n\n\n<p class=\"has-x-large-font-size\" style=\"font-style:normal;font-weight:500;line-height:1.2\"><em>Distopia, Univers Alternatifs<\/em><\/p>\n\n\n\n<div style=\"height:75px\" aria-hidden=\"true\" class=\"wp-block-spacer\"><\/div>\n\n\n\n<div class=\"wp-block-buttons is-content-justification-center is-layout-flex wp-container-core-buttons-is-layout-a89b3969 wp-block-buttons-is-layout-flex\">\n<div class=\"wp-block-button is-style-outline is-style-outline--2\"><a class=\"wp-block-button__link has-accent-2-background-color has-background has-heading-font-family has-large-font-size has-custom-font-size wp-element-button\" style=\"border-radius:14px\"><strong><em>Acc\u00e8s aux livres<\/em><\/strong><\/a><\/div>\n<\/div>\n<\/div>\n\n\n\n<div class=\"wp-block-column is-layout-flow wp-block-column-is-layout-flow\" style=\"flex-basis:50%\">\n<figure class=\"wp-block-image size-full is-style-rounded is-style-rounded--3\"><img loading=\"lazy\" decoding=\"async\" width=\"1000\" height=\"1012\" src=\"https:\/\/distopia.fr\/wp-content\/uploads\/2025\/07\/mia-brule.png\" alt=\"\" class=\"wp-image-139\" style=\"aspect-ratio:1;object-fit:contain\" srcset=\"https:\/\/distopia.fr\/wp-content\/uploads\/2025\/07\/mia-brule.png 1000w, https:\/\/distopia.fr\/wp-content\/uploads\/2025\/07\/mia-brule-296x300.png 296w, https:\/\/distopia.fr\/wp-content\/uploads\/2025\/07\/mia-brule-768x777.png 768w\" sizes=\"auto, (max-width: 1000px) 100vw, 1000px\" \/><\/figure>\n<\/div>\n<\/div>\n<\/div>\n\n\n<nav class=\"is-responsive alignwide wp-block-navigation is-layout-flex wp-block-navigation-is-layout-flex\" aria-label=\"Menu 3\" \n\t\t data-wp-interactive=\"core\/navigation\" data-wp-context='{\"overlayOpenedBy\":{\"click\":false,\"hover\":false,\"focus\":false},\"type\":\"overlay\",\"roleAttribute\":\"\",\"ariaLabel\":\"Menu\"}'><button aria-haspopup=\"dialog\" aria-label=\"Ouvrir le menu\" class=\"wp-block-navigation__responsive-container-open\" \n\t\t\t\tdata-wp-on--click=\"actions.openMenuOnClick\"\n\t\t\t\tdata-wp-on--keydown=\"actions.handleMenuKeydown\"\n\t\t\t><svg width=\"24\" height=\"24\" xmlns=\"http:\/\/www.w3.org\/2000\/svg\" viewBox=\"0 0 24 24\" aria-hidden=\"true\" focusable=\"false\"><path d=\"M4 7.5h16v1.5H4z\"><\/path><path d=\"M4 15h16v1.5H4z\"><\/path><\/svg><\/button>\n\t\t\t\t<div class=\"wp-block-navigation__responsive-container\"  id=\"modal-4\" \n\t\t\t\tdata-wp-class--has-modal-open=\"state.isMenuOpen\"\n\t\t\t\tdata-wp-class--is-menu-open=\"state.isMenuOpen\"\n\t\t\t\tdata-wp-watch=\"callbacks.initMenu\"\n\t\t\t\tdata-wp-on--keydown=\"actions.handleMenuKeydown\"\n\t\t\t\tdata-wp-on--focusout=\"actions.handleMenuFocusout\"\n\t\t\t\ttabindex=\"-1\"\n\t\t\t>\n\t\t\t\t\t<div class=\"wp-block-navigation__responsive-close\" tabindex=\"-1\">\n\t\t\t\t\t\t<div class=\"wp-block-navigation__responsive-dialog\" \n\t\t\t\tdata-wp-bind--aria-modal=\"state.ariaModal\"\n\t\t\t\tdata-wp-bind--aria-label=\"state.ariaLabel\"\n\t\t\t\tdata-wp-bind--role=\"state.roleAttribute\"\n\t\t\t>\n\t\t\t\t\t\t\t<button aria-label=\"Fermer le menu\" class=\"wp-block-navigation__responsive-container-close\" \n\t\t\t\tdata-wp-on--click=\"actions.closeMenuOnClick\"\n\t\t\t><svg xmlns=\"http:\/\/www.w3.org\/2000\/svg\" viewBox=\"0 0 24 24\" width=\"24\" height=\"24\" aria-hidden=\"true\" focusable=\"false\"><path d=\"m13.06 12 6.47-6.47-1.06-1.06L12 10.94 5.53 4.47 4.47 5.53 10.94 12l-6.47 6.47 1.06 1.06L12 13.06l6.47 6.47 1.06-1.06L13.06 12Z\"><\/path><\/svg><\/button>\n\t\t\t\t\t\t\t<div class=\"wp-block-navigation__responsive-container-content\" \n\t\t\t\tdata-wp-watch=\"callbacks.focusFirstElement\"\n\t\t\t id=\"modal-4-content\">\n\t\t\t\t\t\t\t\t<ul class=\"wp-block-navigation__container is-responsive alignwide wp-block-navigation\"><li class=\" wp-block-navigation-item wp-block-navigation-link\"><a class=\"wp-block-navigation-item__content\"  href=\"https:\/\/distopia.fr\/\"><span class=\"wp-block-navigation-item__label\">Distopia<\/span><\/a><\/li><li class=\" wp-block-navigation-item wp-block-navigation-link\"><a class=\"wp-block-navigation-item__content\"  href=\"https:\/\/distopia.fr\/?page_id=83\"><span class=\"wp-block-navigation-item__label\">Le Chant de l\u2019Automne<\/span><\/a><\/li><li class=\" wp-block-navigation-item wp-block-navigation-link\"><a class=\"wp-block-navigation-item__content\"  href=\"https:\/\/distopia.fr\/?page_id=81\"><span class=\"wp-block-navigation-item__label\">Bienvenue \u00e0 Encelade<\/span><\/a><\/li><li class=\" wp-block-navigation-item wp-block-navigation-link\"><a class=\"wp-block-navigation-item__content\"  href=\"https:\/\/distopia.fr\/?page_id=87\"><span class=\"wp-block-navigation-item__label\">Projet Pegasus<\/span><\/a><\/li><li class=\" wp-block-navigation-item wp-block-navigation-link\"><a class=\"wp-block-navigation-item__content\"  href=\"https:\/\/distopia.fr\/?page_id=85\"><span class=\"wp-block-navigation-item__label\">Dernier Jour<\/span><\/a><\/li><li class=\" wp-block-navigation-item wp-block-navigation-link\"><a class=\"wp-block-navigation-item__content\"  href=\"https:\/\/distopia.fr\/?page_id=34\"><span class=\"wp-block-navigation-item__label\">L\u2019\u00e9toile de New Cellarius<\/span><\/a><\/li><li class=\" wp-block-navigation-item wp-block-navigation-link\"><a class=\"wp-block-navigation-item__content\"  href=\"https:\/\/distopia.fr\/?page_id=32\"><span class=\"wp-block-navigation-item__label\">Les Fils d\u2019Azur<\/span><\/a><\/li><li class=\" wp-block-navigation-item wp-block-navigation-link\"><a class=\"wp-block-navigation-item__content\"  href=\"https:\/\/distopia.fr\/?page_id=25\"><span class=\"wp-block-navigation-item__label\">A propos&#8230;<\/span><\/a><\/li><li class=\" wp-block-navigation-item wp-block-navigation-link\"><a class=\"wp-block-navigation-item__content\"  href=\"https:\/\/distopia.fr\/?page_id=30\"><span class=\"wp-block-navigation-item__label\">Les Livres<\/span><\/a><\/li><li class=\" wp-block-navigation-item wp-block-navigation-link\"><a class=\"wp-block-navigation-item__content\"  href=\"https:\/\/distopia.fr\/?page_id=292\"><span class=\"wp-block-navigation-item__label\">Galerie<\/span><\/a><\/li><\/ul>\n\t\t\t\t\t\t\t<\/div>\n\t\t\t\t\t\t<\/div>\n\t\t\t\t\t<\/div>\n\t\t\t\t<\/div><\/nav>","protected":false},"excerpt":{"rendered":"<p>Une danger mortel s\u2019abat sur la terre, d\u00e9truisant lentement notre civilisation. Les hommes n\u2019ont d\u2019autre choix que se r\u00e9fugier sous terre dans d\u2019immense aires souterraines, les ASA. Une soci\u00e9t\u00e9 nouvelle nait dans ces cavernes d\u2019acier. La vie retrouve ses droits\u2026et ses routines. Peu \u00e0 peu, le doute s\u2019installe dans la population. Et si les dirigeants [&hellip;]<\/p>\n","protected":false},"author":1,"featured_media":138,"parent":0,"menu_order":0,"comment_status":"closed","ping_status":"closed","template":"","meta":{"footnotes":""},"class_list":["post-83","page","type-page","status-publish","has-post-thumbnail","hentry"],"_links":{"self":[{"href":"https:\/\/distopia.fr\/index.php?rest_route=\/wp\/v2\/pages\/83","targetHints":{"allow":["GET"]}}],"collection":[{"href":"https:\/\/distopia.fr\/index.php?rest_route=\/wp\/v2\/pages"}],"about":[{"href":"https:\/\/distopia.fr\/index.php?rest_route=\/wp\/v2\/types\/page"}],"author":[{"embeddable":true,"href":"https:\/\/distopia.fr\/index.php?rest_route=\/wp\/v2\/users\/1"}],"replies":[{"embeddable":true,"href":"https:\/\/distopia.fr\/index.php?rest_route=%2Fwp%2Fv2%2Fcomments&post=83"}],"version-history":[{"count":16,"href":"https:\/\/distopia.fr\/index.php?rest_route=\/wp\/v2\/pages\/83\/revisions"}],"predecessor-version":[{"id":258,"href":"https:\/\/distopia.fr\/index.php?rest_route=\/wp\/v2\/pages\/83\/revisions\/258"}],"wp:featuredmedia":[{"embeddable":true,"href":"https:\/\/distopia.fr\/index.php?rest_route=\/wp\/v2\/media\/138"}],"wp:attachment":[{"href":"https:\/\/distopia.fr\/index.php?rest_route=%2Fwp%2Fv2%2Fmedia&parent=83"}],"curies":[{"name":"wp","href":"https:\/\/api.w.org\/{rel}","templated":true}]}}