{"id":87,"date":"2025-07-14T08:10:04","date_gmt":"2025-07-14T08:10:04","guid":{"rendered":"https:\/\/distopia.fr\/?page_id=87"},"modified":"2025-07-14T14:05:37","modified_gmt":"2025-07-14T14:05:37","slug":"projet-pegasus","status":"publish","type":"page","link":"https:\/\/distopia.fr\/?page_id=87","title":{"rendered":"Projet Pegasus"},"content":{"rendered":"\n<div class=\"wp-block-group alignfull has-background has-global-padding is-layout-constrained wp-container-core-group-is-layout-669513ed wp-block-group-is-layout-constrained\" style=\"background-color:#dddddd;margin-top:0;margin-bottom:0;padding-top:var(--wp--preset--spacing--50);padding-right:var(--wp--preset--spacing--50);padding-bottom:var(--wp--preset--spacing--50);padding-left:var(--wp--preset--spacing--50)\">\n<div class=\"wp-block-columns alignwide is-layout-flex wp-container-core-columns-is-layout-28f84493 wp-block-columns-is-layout-flex\">\n<div class=\"wp-block-column is-layout-flow wp-block-column-is-layout-flow\" style=\"flex-basis:40.01%\">\n<p class=\"has-drop-cap has-heading-font-family has-large-font-size\" style=\"line-height:1.2\">Le dernier projet de l\u2019homme pour ensemencer les \u00e9toiles est en cours de construction pr\u00e8s de la lune. Le vaisseau spatial Pegasus va emmener dans ces entrailles douze mille personnes dans un voyage \u00e0 travers les \u00e9toiles.<\/p>\n\n\n\n<p class=\"has-heading-font-family has-large-font-size\" style=\"line-height:1.2\">Il doit explorer 39 plan\u00e8tes de type tellurique dans son p\u00e9riple. Il est pr\u00e9vu pour fonder des colonies sur plusieurs d\u2019entre elle. Pour peu qu\u2019elles pr\u00e9sentent des conditions susceptibles d\u2019accueillir des humains.<\/p>\n\n\n\n<p class=\"has-heading-font-family has-large-font-size\" style=\"line-height:1.2\">Mais un \u00e9v\u00e9nement inattendu pr\u00e9cipite le d\u00e9part.<\/p>\n\n\n\n<div style=\"height:53px\" aria-hidden=\"true\" class=\"wp-block-spacer\"><\/div>\n\n\n\n<p class=\"has-heading-font-family has-large-font-size\" style=\"line-height:1.2\">Pegasus Sera-t-il l\u2019ultime projet de l\u2019humanit\u00e9&nbsp;?&nbsp;&nbsp;&nbsp;&nbsp;<\/p>\n<\/div>\n\n\n\n<div class=\"wp-block-column is-layout-flow wp-block-column-is-layout-flow\" style=\"flex-basis:49.99%\">\n<figure class=\"wp-block-image alignwide size-large is-style-rounded is-style-rounded--1\"><img loading=\"lazy\" decoding=\"async\" width=\"736\" height=\"1024\" src=\"https:\/\/distopia.fr\/wp-content\/uploads\/2025\/07\/Pegasus-2-736x1024.jpg\" alt=\"\" class=\"wp-image-171\" srcset=\"https:\/\/distopia.fr\/wp-content\/uploads\/2025\/07\/Pegasus-2-736x1024.jpg 736w, https:\/\/distopia.fr\/wp-content\/uploads\/2025\/07\/Pegasus-2-216x300.jpg 216w, https:\/\/distopia.fr\/wp-content\/uploads\/2025\/07\/Pegasus-2-768x1069.jpg 768w, https:\/\/distopia.fr\/wp-content\/uploads\/2025\/07\/Pegasus-2-1104x1536.jpg 1104w, https:\/\/distopia.fr\/wp-content\/uploads\/2025\/07\/Pegasus-2.jpg 1200w\" sizes=\"auto, (max-width: 736px) 100vw, 736px\" \/><\/figure>\n<\/div>\n<\/div>\n<\/div>\n\n\n\n<div class=\"wp-block-group alignfull has-base-2-background-color has-background has-global-padding is-layout-constrained wp-container-core-group-is-layout-75012026 wp-block-group-is-layout-constrained\" style=\"margin-top:0;margin-bottom:0;padding-top:var(--wp--preset--spacing--40);padding-right:var(--wp--preset--spacing--60);padding-bottom:var(--wp--preset--spacing--40);padding-left:var(--wp--preset--spacing--60)\">\n<div class=\"wp-block-group alignwide is-layout-flow wp-block-group-is-layout-flow\">\n<p class=\"has-text-align-center has-heading-font-family has-large-font-size\" style=\"font-style:normal;font-weight:400;line-height:1.2\"><em>\u00ab\u00a0Pegasus est n\u00e9 des efforts de la horde des ouvriers qui hante les couloirs de M\u00e9dusa et des ressources extraites de la lune.\u00a0\u00bb<\/em><\/p>\n<\/div>\n<\/div>\n\n\n\n<div class=\"wp-block-group alignfull has-base-2-color has-contrast-background-color has-text-color has-background has-link-color wp-elements-0f8c453a81d25f2d8e3cb635bce4bd21 has-global-padding is-layout-constrained wp-container-core-group-is-layout-facafb6f wp-block-group-is-layout-constrained\" style=\"margin-top:0;margin-bottom:0;padding-top:var(--wp--preset--spacing--50);padding-right:var(--wp--preset--spacing--50);padding-bottom:var(--wp--preset--spacing--50);padding-left:var(--wp--preset--spacing--50)\">\n<div class=\"wp-block-columns alignwide is-layout-flex wp-container-core-columns-is-layout-d1c656ed wp-block-columns-is-layout-flex\">\n<div class=\"wp-block-column is-vertically-aligned-stretch is-layout-flow wp-block-column-is-layout-flow\" style=\"padding-right:0;flex-basis:40%\">\n<div class=\"wp-block-group is-vertical is-content-justification-stretch is-layout-flex wp-container-core-group-is-layout-ae24f51d wp-block-group-is-layout-flex\" style=\"min-height:100%\">\n<figure class=\"wp-block-image size-large is-resized is-style-rounded is-style-rounded--2\"><img loading=\"lazy\" decoding=\"async\" width=\"981\" height=\"1024\" src=\"https:\/\/distopia.fr\/wp-content\/uploads\/2025\/07\/Pegasus-981x1024.png\" alt=\"\" class=\"wp-image-172\" style=\"aspect-ratio:1;object-fit:contain;width:676px;height:auto\" srcset=\"https:\/\/distopia.fr\/wp-content\/uploads\/2025\/07\/Pegasus-981x1024.png 981w, https:\/\/distopia.fr\/wp-content\/uploads\/2025\/07\/Pegasus-287x300.png 287w, https:\/\/distopia.fr\/wp-content\/uploads\/2025\/07\/Pegasus-768x802.png 768w, https:\/\/distopia.fr\/wp-content\/uploads\/2025\/07\/Pegasus.png 1000w\" sizes=\"auto, (max-width: 981px) 100vw, 981px\" \/><\/figure>\n<\/div>\n<\/div>\n\n\n\n<div class=\"wp-block-column is-layout-flow wp-block-column-is-layout-flow\" style=\"flex-basis:40%\">\n<div style=\"height:100px\" aria-hidden=\"true\" class=\"wp-block-spacer\"><\/div>\n\n\n\n<div class=\"wp-block-group has-global-padding is-layout-constrained wp-block-group-is-layout-constrained\">\n<p class=\"has-text-color has-link-color has-x-large-font-size wp-elements-2e051466922726b2d21639bb61a7ea9e\" style=\"color:#dddddd;font-style:normal;font-weight:500;line-height:1.2\"><em>Projet Pegasus<\/em><\/p>\n\n\n\n<p class=\"has-large-font-size\"><em>est une nouvelle publi\u00e9e dans le Recueil<\/em><\/p>\n\n\n\n<p class=\"has-x-large-font-size\" style=\"font-style:normal;font-weight:500;line-height:1.2\"><em>Distopia, Univers Alternatifs<\/em><\/p>\n<\/div>\n<\/div>\n<\/div>\n<\/div>\n\n\n<nav class=\"is-responsive alignwide wp-block-navigation is-layout-flex wp-block-navigation-is-layout-flex\" aria-label=\"Menu 3\" \n\t\t data-wp-interactive=\"core\/navigation\" data-wp-context='{\"overlayOpenedBy\":{\"click\":false,\"hover\":false,\"focus\":false},\"type\":\"overlay\",\"roleAttribute\":\"\",\"ariaLabel\":\"Menu\"}'><button aria-haspopup=\"dialog\" aria-label=\"Ouvrir le menu\" class=\"wp-block-navigation__responsive-container-open\" \n\t\t\t\tdata-wp-on--click=\"actions.openMenuOnClick\"\n\t\t\t\tdata-wp-on--keydown=\"actions.handleMenuKeydown\"\n\t\t\t><svg width=\"24\" height=\"24\" xmlns=\"http:\/\/www.w3.org\/2000\/svg\" viewBox=\"0 0 24 24\" aria-hidden=\"true\" focusable=\"false\"><path d=\"M4 7.5h16v1.5H4z\"><\/path><path d=\"M4 15h16v1.5H4z\"><\/path><\/svg><\/button>\n\t\t\t\t<div class=\"wp-block-navigation__responsive-container\"  id=\"modal-3\" \n\t\t\t\tdata-wp-class--has-modal-open=\"state.isMenuOpen\"\n\t\t\t\tdata-wp-class--is-menu-open=\"state.isMenuOpen\"\n\t\t\t\tdata-wp-watch=\"callbacks.initMenu\"\n\t\t\t\tdata-wp-on--keydown=\"actions.handleMenuKeydown\"\n\t\t\t\tdata-wp-on--focusout=\"actions.handleMenuFocusout\"\n\t\t\t\ttabindex=\"-1\"\n\t\t\t>\n\t\t\t\t\t<div class=\"wp-block-navigation__responsive-close\" tabindex=\"-1\">\n\t\t\t\t\t\t<div class=\"wp-block-navigation__responsive-dialog\" \n\t\t\t\tdata-wp-bind--aria-modal=\"state.ariaModal\"\n\t\t\t\tdata-wp-bind--aria-label=\"state.ariaLabel\"\n\t\t\t\tdata-wp-bind--role=\"state.roleAttribute\"\n\t\t\t>\n\t\t\t\t\t\t\t<button aria-label=\"Fermer le menu\" class=\"wp-block-navigation__responsive-container-close\" \n\t\t\t\tdata-wp-on--click=\"actions.closeMenuOnClick\"\n\t\t\t><svg xmlns=\"http:\/\/www.w3.org\/2000\/svg\" viewBox=\"0 0 24 24\" width=\"24\" height=\"24\" aria-hidden=\"true\" focusable=\"false\"><path d=\"m13.06 12 6.47-6.47-1.06-1.06L12 10.94 5.53 4.47 4.47 5.53 10.94 12l-6.47 6.47 1.06 1.06L12 13.06l6.47 6.47 1.06-1.06L13.06 12Z\"><\/path><\/svg><\/button>\n\t\t\t\t\t\t\t<div class=\"wp-block-navigation__responsive-container-content\" \n\t\t\t\tdata-wp-watch=\"callbacks.focusFirstElement\"\n\t\t\t id=\"modal-3-content\">\n\t\t\t\t\t\t\t\t<ul class=\"wp-block-navigation__container is-responsive alignwide wp-block-navigation\"><li class=\" wp-block-navigation-item wp-block-navigation-link\"><a class=\"wp-block-navigation-item__content\"  href=\"https:\/\/distopia.fr\/\"><span class=\"wp-block-navigation-item__label\">Distopia<\/span><\/a><\/li><li class=\" wp-block-navigation-item wp-block-navigation-link\"><a class=\"wp-block-navigation-item__content\"  href=\"https:\/\/distopia.fr\/?page_id=83\"><span class=\"wp-block-navigation-item__label\">Le Chant de l\u2019Automne<\/span><\/a><\/li><li class=\" wp-block-navigation-item wp-block-navigation-link\"><a class=\"wp-block-navigation-item__content\"  href=\"https:\/\/distopia.fr\/?page_id=81\"><span class=\"wp-block-navigation-item__label\">Bienvenue \u00e0 Encelade<\/span><\/a><\/li><li class=\" wp-block-navigation-item wp-block-navigation-link\"><a class=\"wp-block-navigation-item__content\"  href=\"https:\/\/distopia.fr\/?page_id=87\"><span class=\"wp-block-navigation-item__label\">Projet Pegasus<\/span><\/a><\/li><li class=\" wp-block-navigation-item wp-block-navigation-link\"><a class=\"wp-block-navigation-item__content\"  href=\"https:\/\/distopia.fr\/?page_id=85\"><span class=\"wp-block-navigation-item__label\">Dernier Jour<\/span><\/a><\/li><li class=\" wp-block-navigation-item wp-block-navigation-link\"><a class=\"wp-block-navigation-item__content\"  href=\"https:\/\/distopia.fr\/?page_id=34\"><span class=\"wp-block-navigation-item__label\">L\u2019\u00e9toile de New Cellarius<\/span><\/a><\/li><li class=\" wp-block-navigation-item wp-block-navigation-link\"><a class=\"wp-block-navigation-item__content\"  href=\"https:\/\/distopia.fr\/?page_id=32\"><span class=\"wp-block-navigation-item__label\">Les Fils d\u2019Azur<\/span><\/a><\/li><li class=\" wp-block-navigation-item wp-block-navigation-link\"><a class=\"wp-block-navigation-item__content\"  href=\"https:\/\/distopia.fr\/?page_id=25\"><span class=\"wp-block-navigation-item__label\">A propos&#8230;<\/span><\/a><\/li><li class=\" wp-block-navigation-item wp-block-navigation-link\"><a class=\"wp-block-navigation-item__content\"  href=\"https:\/\/distopia.fr\/?page_id=30\"><span class=\"wp-block-navigation-item__label\">Les Livres<\/span><\/a><\/li><li class=\" wp-block-navigation-item wp-block-navigation-link\"><a class=\"wp-block-navigation-item__content\"  href=\"https:\/\/distopia.fr\/?page_id=292\"><span class=\"wp-block-navigation-item__label\">Galerie<\/span><\/a><\/li><\/ul>\n\t\t\t\t\t\t\t<\/div>\n\t\t\t\t\t\t<\/div>\n\t\t\t\t\t<\/div>\n\t\t\t\t<\/div><\/nav>","protected":false},"excerpt":{"rendered":"<p>Le dernier projet de l\u2019homme pour ensemencer les \u00e9toiles est en cours de construction pr\u00e8s de la lune. Le vaisseau spatial Pegasus va emmener dans ces entrailles douze mille personnes dans un voyage \u00e0 travers les \u00e9toiles. Il doit explorer 39 plan\u00e8tes de type tellurique dans son p\u00e9riple. Il est pr\u00e9vu pour fonder des colonies [&hellip;]<\/p>\n","protected":false},"author":1,"featured_media":170,"parent":0,"menu_order":0,"comment_status":"closed","ping_status":"closed","template":"","meta":{"footnotes":""},"class_list":["post-87","page","type-page","status-publish","has-post-thumbnail","hentry"],"_links":{"self":[{"href":"https:\/\/distopia.fr\/index.php?rest_route=\/wp\/v2\/pages\/87","targetHints":{"allow":["GET"]}}],"collection":[{"href":"https:\/\/distopia.fr\/index.php?rest_route=\/wp\/v2\/pages"}],"about":[{"href":"https:\/\/distopia.fr\/index.php?rest_route=\/wp\/v2\/types\/page"}],"author":[{"embeddable":true,"href":"https:\/\/distopia.fr\/index.php?rest_route=\/wp\/v2\/users\/1"}],"replies":[{"embeddable":true,"href":"https:\/\/distopia.fr\/index.php?rest_route=%2Fwp%2Fv2%2Fcomments&post=87"}],"version-history":[{"count":11,"href":"https:\/\/distopia.fr\/index.php?rest_route=\/wp\/v2\/pages\/87\/revisions"}],"predecessor-version":[{"id":262,"href":"https:\/\/distopia.fr\/index.php?rest_route=\/wp\/v2\/pages\/87\/revisions\/262"}],"wp:featuredmedia":[{"embeddable":true,"href":"https:\/\/distopia.fr\/index.php?rest_route=\/wp\/v2\/media\/170"}],"wp:attachment":[{"href":"https:\/\/distopia.fr\/index.php?rest_route=%2Fwp%2Fv2%2Fmedia&parent=87"}],"curies":[{"name":"wp","href":"https:\/\/api.w.org\/{rel}","templated":true}]}}